{"id":3745,"date":"2020-05-07T14:06:45","date_gmt":"2020-05-07T14:06:45","guid":{"rendered":"http:\/\/www.poderelesignano.com\/cene-aziendali\/"},"modified":"2025-05-21T12:48:09","modified_gmt":"2025-05-21T12:48:09","slug":"business-dinners","status":"publish","type":"page","link":"https:\/\/www.poderelesignano.com\/en\/business-dinners\/","title":{"rendered":"Business Dinners English"},"content":{"rendered":"<div class=\"wpb-content-wrapper\"><p>[vc_row full_width=&#8221;stretch_row_content_no_spaces&#8221; equal_height=&#8221;yes&#8221; css=&#8221;.vc_custom_1499679693574{margin-top: -40px !important;margin-bottom: 10vh !important;border-top-width: 1px !important;border-top-color: #efefef !important;border-top-style: solid !important;}&#8221;][vc_column css=&#8221;.vc_custom_1497520246521{padding-top: 0px !important;}&#8221; offset=&#8221;vc_col-lg-6 vc_col-md-12 vc_col-xs-12&#8243;]\t\t\t<div id=\"gallery_650\" class=\"woodmart-images-gallery view-grid photoswipe-images\" >\n\t\t\t\t<div class=\"gallery-images row woodmart-spacing-2\">\n\t\t\t\t\t\t\t\t\t\t\t\t\t\t\t\t\t\t<div class=\"woodmart-gallery-item col-12\">\n\t\t\t\t\t\t\t\t\t\t\t\t\t\t\t\t\t<a href=\"https:\/\/www.poderelesignano.com\/wp-content\/uploads\/2020\/04\/podere-lesignano-669-resized-scaled.jpg\" data-index=\"1\" data-width=\"2560\" data-height=\"1920\"  >\n\t\t\t\t\t\t\t\t\t\t\t\t\t\t\t\t\n\t\t\t\t\t\t\t\t\t\t\t\t\t\t\t\t\t<img decoding=\"async\" class=\"woodmart-gallery-image image-1 \" src=\"https:\/\/www.poderelesignano.com\/wp-content\/uploads\/2020\/04\/podere-lesignano-669-resized-scaled-1200x1000.jpg\" width=\"1200\" height=\"1000\" alt=\"podere-lesignano-669-resized\" title=\"podere-lesignano-669-resized\" loading=\"lazy\" \/>\t\t\t\t\t\t\t\t\t\t\t\t\t\t\t\t\n\t\t\t\t\t\t\t\t\t\t\t\t\t\t\t\t\t<\/a>\n\t\t\t\t\t\t\t\t\t\t\t\t\t\t\t<\/div>\n\t\t\t\t\t\t\t\t\t\t\t\t\t<div class=\"woodmart-gallery-item col-12\">\n\t\t\t\t\t\t\t\t\t\t\t\t\t\t\t\t\t<a href=\"https:\/\/www.poderelesignano.com\/wp-content\/uploads\/2020\/04\/podere-lesignano-202-resized.jpg\" data-index=\"2\" data-width=\"1279\" data-height=\"847\"  >\n\t\t\t\t\t\t\t\t\t\t\t\t\t\t\t\t\n\t\t\t\t\t\t\t\t\t\t\t\t\t\t\t\t\t<img decoding=\"async\" class=\"woodmart-gallery-image image-2 \" src=\"https:\/\/www.poderelesignano.com\/wp-content\/uploads\/2020\/04\/podere-lesignano-202-resized-1200x847.jpg\" width=\"1200\" height=\"847\" alt=\"podere-lesignano-202-resized\" title=\"podere-lesignano-202-resized\" loading=\"lazy\" \/>\t\t\t\t\t\t\t\t\t\t\t\t\t\t\t\t\n\t\t\t\t\t\t\t\t\t\t\t\t\t\t\t\t\t<\/a>\n\t\t\t\t\t\t\t\t\t\t\t\t\t\t\t<\/div>\n\t\t\t\t\t\t\t\t\t\t\t\t\t<div class=\"woodmart-gallery-item col-12\">\n\t\t\t\t\t\t\t\t\t\t\t\t\t\t\t\t\t<a href=\"https:\/\/www.poderelesignano.com\/wp-content\/uploads\/2020\/04\/podere-lesignano-80237188-resized.jpg\" data-index=\"3\" data-width=\"1024\" data-height=\"678\"  >\n\t\t\t\t\t\t\t\t\t\t\t\t\t\t\t\t\n\t\t\t\t\t\t\t\t\t\t\t\t\t\t\t\t\t<img decoding=\"async\" class=\"woodmart-gallery-image image-3 \" src=\"https:\/\/www.poderelesignano.com\/wp-content\/uploads\/2020\/04\/podere-lesignano-80237188-resized.jpg\" width=\"1024\" height=\"678\" alt=\"podere-lesignano-80237188-resized\" title=\"podere-lesignano-80237188-resized\" loading=\"lazy\" \/>\t\t\t\t\t\t\t\t\t\t\t\t\t\t\t\t\n\t\t\t\t\t\t\t\t\t\t\t\t\t\t\t\t\t<\/a>\n\t\t\t\t\t\t\t\t\t\t\t\t\t\t\t<\/div>\n\t\t\t\t\t\t\t\t\t\t\t\t\t\t\t<\/div>\n\t\t\t<\/div>\n\t\t\t\t\t[\/vc_column][vc_column woodmart_sticky_column=&#8221;true&#8221; css=&#8221;.vc_custom_1499677904738{padding-top: 8vh !important;padding-right: 5% !important;padding-left: 7% !important;}&#8221; offset=&#8221;vc_col-lg-5 vc_col-md-8 vc_col-xs-12&#8243;][vc_custom_heading text=&#8221;Ideal location for&#8221; font_container=&#8221;tag:p|font_size:18|text_align:left|color:%23a3a3a3&#8243; use_theme_fonts=&#8221;yes&#8221; css=&#8221;.vc_custom_1594204084553{margin-bottom: 10px !important;}&#8221;]\n\t\t<div id=\"wd-5f059f908d072\" class=\"title-wrapper  woodmart-title-color-default woodmart-title-style-default woodmart-title-width-100 text-left woodmart-title-size-extra-large vc_custom_1594204052581\">\n\t\t\t\n\t\t\t<div class=\"liner-continer\">\n\t\t\t\t<span class=\"left-line\"><\/span>\n\t\t\t\t<h4 class=\"woodmart-title-container title  woodmart-font-weight-\" >Business Dinners<\/h4>\t\t\t\t\t\t\t\t<span class=\"right-line\"><\/span>\n\t\t\t<\/div>\n\t\t\t\n\t\t\t\n\t\t\t\t\t<\/div>\n\t\t\n\t\t[vc_custom_heading text=&#8221;The corporate dinner is a very important moment of aggregation with collaborators and employees.&#8221; font_container=&#8221;tag:p|font_size:24|text_align:left|color:%23212121&#8243; use_theme_fonts=&#8221;yes&#8221;][vc_column_text 0=&#8221;&#8221; css=&#8221;.vc_custom_1594204151763{margin-bottom: 25px !important;padding-right: 5% !important;}&#8221; el_class=&#8221;text-larger&#8221; text_larger=&#8221;no&#8221;]It is necessary to think carefully and organize it in time, so that it can represent an opportunity to exchange greetings and strengthen the group, toast to achieve an important goal or propose resolutions for the new year.<\/p>\n<p><strong> Podere Lesignano <\/strong>, offers a welcoming and suitable location for any meeting, conference or corporate event and can accommodate groups of up to 100 people. It is a structure built with avant-garde architecture surrounded by greenery, located in the center of San Marino.<\/p>\n<p><strong> What does Podere Lesignano offer? <\/strong><\/p>\n<p>You can choose between two formulas<\/p>\n<p><strong> 1) Room rental. <\/strong><br \/>\nWith this option, only the room will be rented and the company will choose the catering and eventual entertainment.<\/p>\n<p><strong> 2) Room rental with catering. <\/strong><br \/>\nIn this case, Podere Lesignano will take care of every detail. We will share the menu with the company and also take care of any entertainment.[\/vc_column_text][\/vc_column][\/vc_row][vc_row full_width=&#8221;stretch_row_content_no_spaces&#8221; equal_height=&#8221;yes&#8221; disable_element=&#8221;yes&#8221; css=&#8221;.vc_custom_1588860399368{margin-bottom: 10vh !important;padding-right: 5% !important;}&#8221; mobile_bg_img_hidden=&#8221;no&#8221; tablet_bg_img_hidden=&#8221;no&#8221; woodmart_parallax=&#8221;0&#8243; woodmart_gradient_switch=&#8221;no&#8221; row_reverse_mobile=&#8221;0&#8243; row_reverse_tablet=&#8221;0&#8243; woodmart_disable_overflow=&#8221;0&#8243;][vc_column woodmart_sticky_column=&#8221;true&#8221; css=&#8221;.vc_custom_1587039375657{padding-top: 6vh !important;padding-right: 5% !important;padding-left: 7% !important;}&#8221; offset=&#8221;vc_col-lg-offset-1 vc_col-lg-5 vc_col-md-offset-1 vc_col-md-8 vc_col-xs-12&#8243; mobile_bg_img_hidden=&#8221;no&#8221; tablet_bg_img_hidden=&#8221;no&#8221; woodmart_parallax=&#8221;0&#8243; parallax_scroll=&#8221;no&#8221; mobile_reset_margin=&#8221;no&#8221; tablet_reset_margin=&#8221;no&#8221;][vc_custom_heading text=&#8221;Attivit\u00e0&#8221; font_container=&#8221;tag:p|font_size:18|text_align:left|color:%23a3a3a3&#8243; use_theme_fonts=&#8221;yes&#8221; css=&#8221;.vc_custom_1587034539560{margin-bottom: 10px !important;}&#8221;]\n\t\t<div id=\"wd-5e98484fc911d\" class=\"title-wrapper  woodmart-title-color-default woodmart-title-style-default woodmart-title-width-100 text-left woodmart-title-size-extra-large vc_custom_1587038300449\">\n\t\t\t\n\t\t\t<div class=\"liner-continer\">\n\t\t\t\t<span class=\"left-line\"><\/span>\n\t\t\t\t<h4 class=\"woodmart-title-container title  woodmart-font-weight-\" >Staff preparato...educatori qualificati<\/h4>\t\t\t\t\t\t\t\t<span class=\"right-line\"><\/span>\n\t\t\t<\/div>\n\t\t\t\n\t\t\t\n\t\t\t\t\t<\/div>\n\t\t\n\t\t[vc_custom_heading text=&#8221;Possiamo contare su uno staff preparato, composto da personale tecnico e da educatori qualificati, che hanno seguito un corso formativo improntato sulla fattoria didattica e sulle attivit\u00e0 che si svolgono in fattoria.&#8221; font_container=&#8221;tag:p|font_size:24|text_align:left|color:%23212121&#8243; use_theme_fonts=&#8221;yes&#8221;][vc_column_text 0=&#8221;&#8221; css=&#8221;.vc_custom_1587038397481{margin-bottom: 25px !important;padding-right: 5% !important;}&#8221; el_class=&#8221;text-larger&#8221; text_larger=&#8221;no&#8221;]Anche il pranzo \u00e8 di qualit\u00e0: sar\u00e0 preparato nella cucina del Podere, utilizzando ingredienti biologici e a km 0.<\/p>\n<p>Per il COSTO della quota settimanale, Modalit\u00e0 di pagamento e Informazioni Generali vi INVITIAMO\u00a0 \u00a0a consultare i seguenti moduli.[\/vc_column_text][vc_row_inner][vc_column_inner width=&#8221;1\/2&#8243;][vc_column_text text_larger=&#8221;no&#8221;]<strong>ELENCO TURNI<\/strong><\/p>\n<p><strong>GIUGNO<\/strong><\/p>\n<p>1\u00b0<br \/>\nsolo i giorni gioved\u00ec 11 e venerd\u00ec 12<\/p>\n<p>2\u00b0\u00a0 dal 15 al 19<\/p>\n<p>3\u00b0\u00a0 dal\u00a0 22 al 26<\/p>\n<p>4\u00b0 dal\u00a0 \u00a029\/6 al\u00a0 3 luglio<\/p>\n<p><strong>LUGLIO<\/strong><\/p>\n<p>5\u00b0 dal\u00a0 \u00a06 al\u00a0 10<\/p>\n<p>6\u00b0 dal\u00a0 13 al\u00a0 17<\/p>\n<p>7\u00b0 dal\u00a0 20 al\u00a0 24<\/p>\n<p>8\u00b0 da 27 al 31[\/vc_column_text][\/vc_column_inner][vc_column_inner width=&#8221;1\/2&#8243;][vc_column_text text_larger=&#8221;no&#8221;]<strong>ELENCO TURNI<\/strong><\/p>\n<p><strong>AGOSTO<\/strong><\/p>\n<p>9\u00b0 dal\u00a0 3 al 7<\/p>\n<p>10\u00b0 dal\u00a0 \u00a017\u00a0 al\u00a0 21<\/p>\n<p>11\u00b0\u00a0 dal 24 al\u00a0 28<\/p>\n<p><strong>SETTEMBRE<\/strong><\/p>\n<p>12\u00b0 dal\u00a0 31\/8\u00a0 al\u00a0 \u00a04<br \/>\n( il 3 settembre siamo chiusi , tale giorno sar\u00e0 decurtato dalla quota, chi volesse iscriversi fino al 2\/9 la quota sar\u00f2 calcolata su tre giorni)<\/p>\n<p>13\u00b0 dal\u00a0 7 al\u00a0 11[\/vc_column_text][\/vc_column_inner][\/vc_row_inner][vc_empty_space woodmart_hide_large=&#8221;0&#8243; woodmart_hide_medium=&#8221;0&#8243; woodmart_hide_small=&#8221;0&#8243; woodmart_hide_extra_small=&#8221;0&#8243;][vc_row_inner][vc_column_inner width=&#8221;1\/4&#8243;][vc_icon icon_fontawesome=&#8221;fas fa-file-pdf&#8221; color=&#8221;custom&#8221; custom_color=&#8221;#9d3d4d&#8221; el_class=&#8221;icon-pdf&#8221;][\/vc_column_inner][vc_column_inner width=&#8221;3\/4&#8243;]<div id=\"wd-5e985c1fc41b5\" class=\"woodmart-button-wrapper wpb_animate_when_almost_visible wpb_fadeIn fadeIn text-left\"><a href=\"\/wp-content\/uploads\/2020\/04\/INFORMAZIONI-GENERALI.pdf\" title=\"\" target=\"_blank\" class=\"btn btn-scheme-light btn-scheme-hover-light btn-style-default btn-shape-rectangle btn-size-default button-podere\">Informazioni Generali PDF<\/a><\/div>[\/vc_column_inner][\/vc_row_inner][vc_row_inner][vc_column_inner width=&#8221;1\/4&#8243;][vc_icon icon_fontawesome=&#8221;fas fa-file-pdf&#8221; color=&#8221;custom&#8221; custom_color=&#8221;#9d3d4d&#8221; el_class=&#8221;icon-pdf&#8221;][\/vc_column_inner][vc_column_inner width=&#8221;3\/4&#8243;]<div id=\"wd-5e985c28ded14\" class=\"woodmart-button-wrapper wpb_animate_when_almost_visible wpb_fadeIn fadeIn text-left\"><a href=\"\/wp-content\/uploads\/2020\/04\/COSTI-E-MODALITA-DI-PAGAMENTO.pdf\" title=\"\" target=\"_blank\" class=\"btn btn-scheme-light btn-scheme-hover-light btn-style-default btn-shape-rectangle btn-size-default button-podere\">Costi e Pagamenti PDF<\/a><\/div>[\/vc_column_inner][\/vc_row_inner][\/vc_column][vc_column offset=&#8221;vc_col-lg-6 vc_col-md-12 vc_col-xs-12&#8243; css=&#8221;.vc_custom_1499679370599{padding-top: 0px !important;}&#8221;]\t\t\t<div id=\"gallery_390\" class=\"woodmart-images-gallery view-grid photoswipe-images\" >\n\t\t\t\t<div class=\"gallery-images row woodmart-spacing-2\">\n\t\t\t\t\t\t\t\t\t\t\t\t\t\t\t\t\t\t<div class=\"woodmart-gallery-item col-12\">\n\t\t\t\t\t\t\t\t\t\t\t\t\t\t\t\t\t<a href=\"https:\/\/www.poderelesignano.com\/wp-content\/uploads\/2020\/04\/fattoriamo_podere_lesignano_1200x720.jpg\" data-index=\"1\" data-width=\"1200\" data-height=\"720\"  >\n\t\t\t\t\t\t\t\t\t\t\t\t\t\t\t\t\n\t\t\t\t\t\t\t\t\t\t\t\t\t\t\t\t\t<img decoding=\"async\" class=\"woodmart-gallery-image image-1 \" src=\"https:\/\/www.poderelesignano.com\/wp-content\/uploads\/2020\/04\/fattoriamo_podere_lesignano_1200x720.jpg\" width=\"1200\" height=\"720\" alt=\"fattoriamo_podere_lesignano_1200x720\" title=\"fattoriamo_podere_lesignano_1200x720\" loading=\"lazy\" \/>\t\t\t\t\t\t\t\t\t\t\t\t\t\t\t\t\n\t\t\t\t\t\t\t\t\t\t\t\t\t\t\t\t\t<\/a>\n\t\t\t\t\t\t\t\t\t\t\t\t\t\t\t<\/div>\n\t\t\t\t\t\t\t\t\t\t\t\t\t<div class=\"woodmart-gallery-item col-12\">\n\t\t\t\t\t\t\t\t\t\t\t\t\t\t\t\t\t<a href=\"https:\/\/www.poderelesignano.com\/wp-content\/uploads\/2020\/04\/fattoriamo-bimba-cavallo.jpg\" data-index=\"2\" data-width=\"1600\" data-height=\"1000\"  >\n\t\t\t\t\t\t\t\t\t\t\t\t\t\t\t\t\n\t\t\t\t\t\t\t\t\t\t\t\t\t\t\t\t\t<img decoding=\"async\" class=\"woodmart-gallery-image image-2 \" src=\"https:\/\/www.poderelesignano.com\/wp-content\/uploads\/2020\/04\/fattoriamo-bimba-cavallo-1200x1000.jpg\" width=\"1200\" height=\"1000\" alt=\"fattoriamo-bimba-cavallo\" title=\"fattoriamo-bimba-cavallo\" loading=\"lazy\" \/>\t\t\t\t\t\t\t\t\t\t\t\t\t\t\t\t\n\t\t\t\t\t\t\t\t\t\t\t\t\t\t\t\t\t<\/a>\n\t\t\t\t\t\t\t\t\t\t\t\t\t\t\t<\/div>\n\t\t\t\t\t\t\t\t\t\t\t\t\t<div class=\"woodmart-gallery-item col-12\">\n\t\t\t\t\t\t\t\t\t\t\t\t\t\t\t\t\t<a href=\"https:\/\/www.poderelesignano.com\/wp-content\/uploads\/2020\/04\/fattoriamo-bimba-bietole.jpg\" data-index=\"3\" data-width=\"1600\" data-height=\"1000\"  >\n\t\t\t\t\t\t\t\t\t\t\t\t\t\t\t\t\n\t\t\t\t\t\t\t\t\t\t\t\t\t\t\t\t\t<img decoding=\"async\" class=\"woodmart-gallery-image image-3 \" src=\"https:\/\/www.poderelesignano.com\/wp-content\/uploads\/2020\/04\/fattoriamo-bimba-bietole-1200x1000.jpg\" width=\"1200\" height=\"1000\" alt=\"fattoriamo-bimba-bietole\" title=\"fattoriamo-bimba-bietole\" loading=\"lazy\" \/>\t\t\t\t\t\t\t\t\t\t\t\t\t\t\t\t\n\t\t\t\t\t\t\t\t\t\t\t\t\t\t\t\t\t<\/a>\n\t\t\t\t\t\t\t\t\t\t\t\t\t\t\t<\/div>\n\t\t\t\t\t\t\t\t\t\t\t\t\t\t\t<\/div>\n\t\t\t<\/div>\n\t\t\t\t\t[\/vc_column][\/vc_row][vc_row full_width=&#8221;stretch_row_content&#8221; css=&#8221;.vc_custom_1587044179070{padding-right: 5px !important;}&#8221; mobile_bg_img_hidden=&#8221;no&#8221; tablet_bg_img_hidden=&#8221;no&#8221; woodmart_parallax=&#8221;0&#8243; woodmart_gradient_switch=&#8221;no&#8221; row_reverse_mobile=&#8221;0&#8243; row_reverse_tablet=&#8221;0&#8243; woodmart_disable_overflow=&#8221;0&#8243;][vc_column offset=&#8221;vc_hidden-lg vc_hidden-md vc_hidden-sm vc_hidden-xs&#8221; mobile_bg_img_hidden=&#8221;no&#8221; tablet_bg_img_hidden=&#8221;no&#8221; woodmart_parallax=&#8221;0&#8243; woodmart_sticky_column=&#8221;false&#8221; parallax_scroll=&#8221;no&#8221; mobile_reset_margin=&#8221;no&#8221; tablet_reset_margin=&#8221;no&#8221;][vc_cta h2=&#8221;Warning following emergency crown virus&#8221; txt_align=&#8221;center&#8221; shape=&#8221;square&#8221; style=&#8221;outline&#8221; css_animation=&#8221;fadeIn&#8221; el_class=&#8221;emergenza&#8221;]<strong>CAUSE TO PROCEED A HEALTH EMERGENCY WE ASK YOU TO CONTACT US AT:<\/strong><\/p>\n<p><a href=\"mailto:fattoria@poderelesignano.com\">fattoria@poderelesignano.com<\/a>[\/vc_cta][\/vc_column][\/vc_row]<\/p>\n<\/div>","protected":false},"excerpt":{"rendered":"<p>[vc_row full_width=&#8221;stretch_row_content_no_spaces&#8221; equal_height=&#8221;yes&#8221; css=&#8221;.vc_custom_1499679693574{margin-top: -40px !important;margin-bottom: 10vh !important;border-top-width: 1px !important;border-top-color: #efefef !important;border-top-style: solid !important;}&#8221;][vc_column css=&#8221;.vc_custom_1497520246521{padding-top: 0px !important;}&#8221; offset=&#8221;vc_col-lg-6 vc_col-md-12 vc_col-xs-12&#8243;][\/vc_column][vc_column<\/p>\n","protected":false},"author":1,"featured_media":0,"parent":0,"menu_order":0,"comment_status":"closed","ping_status":"closed","template":"","meta":{"footnotes":""},"class_list":["post-3745","page","type-page","status-publish","hentry"],"yoast_head":"<!-- This site is optimized with the Yoast SEO plugin v24.7 - https:\/\/yoast.com\/wordpress\/plugins\/seo\/ -->\n<title>Cene aziendali Podere Lesignano | Agriturismo, B&amp;B e fattoria didattica<\/title>\n<meta name=\"description\" content=\"Organizza la cena della tua azienda al Podere Lesignano e rendi unico il momento di aggregazione con collaboratori e dipendenti.\" \/>\n<meta name=\"robots\" content=\"index, follow, max-snippet:-1, max-image-preview:large, max-video-preview:-1\" \/>\n<link rel=\"canonical\" href=\"https:\/\/www.poderelesignano.com\/en\/business-dinners\/\" \/>\n<meta property=\"og:locale\" content=\"en_US\" \/>\n<meta property=\"og:type\" content=\"article\" \/>\n<meta property=\"og:title\" content=\"Cene aziendali Podere Lesignano | Agriturismo, B&amp;B e fattoria didattica\" \/>\n<meta property=\"og:description\" content=\"Organizza la cena della tua azienda al Podere Lesignano e rendi unico il momento di aggregazione con collaboratori e dipendenti.\" \/>\n<meta property=\"og:url\" content=\"https:\/\/www.poderelesignano.com\/en\/business-dinners\/\" \/>\n<meta property=\"og:site_name\" content=\"Podere Lesignano - Agriturismo e Fattoria Didattica San Marino\" \/>\n<meta property=\"article:modified_time\" content=\"2025-05-21T12:48:09+00:00\" \/>\n<meta property=\"og:image\" content=\"http:\/\/www.poderelesignano.com\/wp-content\/uploads\/2020\/03\/podere-lesignano-cene-aziendali-home_350x420.jpg\" \/>\n\t<meta property=\"og:image:width\" content=\"352\" \/>\n\t<meta property=\"og:image:height\" content=\"421\" \/>\n\t<meta property=\"og:image:type\" content=\"image\/jpeg\" \/>\n<meta name=\"twitter:card\" content=\"summary_large_image\" \/>\n<meta name=\"twitter:label1\" content=\"Est. reading time\" \/>\n\t<meta name=\"twitter:data1\" content=\"5 minutes\" \/>\n<script type=\"application\/ld+json\" class=\"yoast-schema-graph\">{\"@context\":\"https:\/\/schema.org\",\"@graph\":[{\"@type\":\"WebPage\",\"@id\":\"https:\/\/www.poderelesignano.com\/en\/business-dinners\/\",\"url\":\"https:\/\/www.poderelesignano.com\/en\/business-dinners\/\",\"name\":\"Cene aziendali Podere Lesignano | Agriturismo, B&B e fattoria didattica\",\"isPartOf\":{\"@id\":\"https:\/\/www.poderelesignano.com\/#website\"},\"datePublished\":\"2020-05-07T14:06:45+00:00\",\"dateModified\":\"2025-05-21T12:48:09+00:00\",\"description\":\"Organizza la cena della tua azienda al Podere Lesignano e rendi unico il momento di aggregazione con collaboratori e dipendenti.\",\"breadcrumb\":{\"@id\":\"https:\/\/www.poderelesignano.com\/en\/business-dinners\/#breadcrumb\"},\"inLanguage\":\"en-US\",\"potentialAction\":[{\"@type\":\"ReadAction\",\"target\":[\"https:\/\/www.poderelesignano.com\/en\/business-dinners\/\"]}]},{\"@type\":\"BreadcrumbList\",\"@id\":\"https:\/\/www.poderelesignano.com\/en\/business-dinners\/#breadcrumb\",\"itemListElement\":[{\"@type\":\"ListItem\",\"position\":1,\"name\":\"Home\",\"item\":\"https:\/\/www.poderelesignano.com\/en\/\"},{\"@type\":\"ListItem\",\"position\":2,\"name\":\"Business Dinners English\"}]},{\"@type\":\"WebSite\",\"@id\":\"https:\/\/www.poderelesignano.com\/#website\",\"url\":\"https:\/\/www.poderelesignano.com\/\",\"name\":\"Podere Lesignano - Agriturismo e Fattoria Didattica San Marino\",\"description\":\"Agriturismo e Fattoria Didattica San Marino\",\"potentialAction\":[{\"@type\":\"SearchAction\",\"target\":{\"@type\":\"EntryPoint\",\"urlTemplate\":\"https:\/\/www.poderelesignano.com\/?s={search_term_string}\"},\"query-input\":{\"@type\":\"PropertyValueSpecification\",\"valueRequired\":true,\"valueName\":\"search_term_string\"}}],\"inLanguage\":\"en-US\"}]}<\/script>\n<!-- \/ Yoast SEO plugin. -->","yoast_head_json":{"title":"Cene aziendali Podere Lesignano | Agriturismo, B&B e fattoria didattica","description":"Organizza la cena della tua azienda al Podere Lesignano e rendi unico il momento di aggregazione con collaboratori e dipendenti.","robots":{"index":"index","follow":"follow","max-snippet":"max-snippet:-1","max-image-preview":"max-image-preview:large","max-video-preview":"max-video-preview:-1"},"canonical":"https:\/\/www.poderelesignano.com\/en\/business-dinners\/","og_locale":"en_US","og_type":"article","og_title":"Cene aziendali Podere Lesignano | Agriturismo, B&B e fattoria didattica","og_description":"Organizza la cena della tua azienda al Podere Lesignano e rendi unico il momento di aggregazione con collaboratori e dipendenti.","og_url":"https:\/\/www.poderelesignano.com\/en\/business-dinners\/","og_site_name":"Podere Lesignano - Agriturismo e Fattoria Didattica San Marino","article_modified_time":"2025-05-21T12:48:09+00:00","og_image":[{"width":352,"height":421,"url":"http:\/\/www.poderelesignano.com\/wp-content\/uploads\/2020\/03\/podere-lesignano-cene-aziendali-home_350x420.jpg","type":"image\/jpeg"}],"twitter_card":"summary_large_image","twitter_misc":{"Est. reading time":"5 minutes"},"schema":{"@context":"https:\/\/schema.org","@graph":[{"@type":"WebPage","@id":"https:\/\/www.poderelesignano.com\/en\/business-dinners\/","url":"https:\/\/www.poderelesignano.com\/en\/business-dinners\/","name":"Cene aziendali Podere Lesignano | Agriturismo, B&B e fattoria didattica","isPartOf":{"@id":"https:\/\/www.poderelesignano.com\/#website"},"datePublished":"2020-05-07T14:06:45+00:00","dateModified":"2025-05-21T12:48:09+00:00","description":"Organizza la cena della tua azienda al Podere Lesignano e rendi unico il momento di aggregazione con collaboratori e dipendenti.","breadcrumb":{"@id":"https:\/\/www.poderelesignano.com\/en\/business-dinners\/#breadcrumb"},"inLanguage":"en-US","potentialAction":[{"@type":"ReadAction","target":["https:\/\/www.poderelesignano.com\/en\/business-dinners\/"]}]},{"@type":"BreadcrumbList","@id":"https:\/\/www.poderelesignano.com\/en\/business-dinners\/#breadcrumb","itemListElement":[{"@type":"ListItem","position":1,"name":"Home","item":"https:\/\/www.poderelesignano.com\/en\/"},{"@type":"ListItem","position":2,"name":"Business Dinners English"}]},{"@type":"WebSite","@id":"https:\/\/www.poderelesignano.com\/#website","url":"https:\/\/www.poderelesignano.com\/","name":"Podere Lesignano - Agriturismo e Fattoria Didattica San Marino","description":"Agriturismo e Fattoria Didattica San Marino","potentialAction":[{"@type":"SearchAction","target":{"@type":"EntryPoint","urlTemplate":"https:\/\/www.poderelesignano.com\/?s={search_term_string}"},"query-input":{"@type":"PropertyValueSpecification","valueRequired":true,"valueName":"search_term_string"}}],"inLanguage":"en-US"}]}},"_links":{"self":[{"href":"https:\/\/www.poderelesignano.com\/en\/wp-json\/wp\/v2\/pages\/3745","targetHints":{"allow":["GET"]}}],"collection":[{"href":"https:\/\/www.poderelesignano.com\/en\/wp-json\/wp\/v2\/pages"}],"about":[{"href":"https:\/\/www.poderelesignano.com\/en\/wp-json\/wp\/v2\/types\/page"}],"author":[{"embeddable":true,"href":"https:\/\/www.poderelesignano.com\/en\/wp-json\/wp\/v2\/users\/1"}],"replies":[{"embeddable":true,"href":"https:\/\/www.poderelesignano.com\/en\/wp-json\/wp\/v2\/comments?post=3745"}],"version-history":[{"count":2,"href":"https:\/\/www.poderelesignano.com\/en\/wp-json\/wp\/v2\/pages\/3745\/revisions"}],"predecessor-version":[{"id":5341,"href":"https:\/\/www.poderelesignano.com\/en\/wp-json\/wp\/v2\/pages\/3745\/revisions\/5341"}],"wp:attachment":[{"href":"https:\/\/www.poderelesignano.com\/en\/wp-json\/wp\/v2\/media?parent=3745"}],"curies":[{"name":"wp","href":"https:\/\/api.w.org\/{rel}","templated":true}]}}